{"id":3,"date":"2026-03-19T04:56:59","date_gmt":"2026-03-19T04:56:59","guid":{"rendered":"https:\/\/tapankatpk.com.co\/?page_id=3"},"modified":"2026-03-23T03:20:35","modified_gmt":"2026-03-23T03:20:35","slug":"privacy-policy","status":"publish","type":"page","link":"https:\/\/tapankatpk.com.co\/?page_id=3","title":{"rendered":"Pol\u00edtica de privacidad"},"content":{"rendered":"\n<p>\u200bSitio Web: https:\/\/www.tapankatpk.com.co\/\u200bCorreo electr\u00f3nico: [Correo de contacto para privacidad]\u200b2. Marco Legal Aplicable\u200bEsta pol\u00edtica se rige bajo el ordenamiento jur\u00eddico colombiano:\u200bLey 1581 de 2012: Disposiciones generales para la protecci\u00f3n de datos personales.\u200bDecreto 1377 de 2013: Reglamentaci\u00f3n parcial de la Ley 1581.\u200bSentencia C-748 de 2011: Constitucionalidad de la Ley de Protecci\u00f3n de Datos.\u200b3. Finalidad de la Recolecci\u00f3n de Datos\u200bLos datos personales recolectados a trav\u00e9s de nuestro sitio web ser\u00e1n utilizados para:\u200bGestionar procesos de compra, facturaci\u00f3n y env\u00edo de productos.\u200bPrestar servicios de soporte t\u00e9cnico y atenci\u00f3n al cliente.\u200bEnviar comunicaciones comerciales, promociones y boletines (previo consentimiento).\u200bRealizar estudios de mercado y an\u00e1lisis estad\u00edsticos internos.\u200bCumplir con obligaciones legales y requerimientos de autoridades competentes.\u200b4. Derechos de los Titulares\u200bDe acuerdo con la ley, como usuario usted tiene derecho a:\u200bConocer, actualizar y rectificar sus datos personales frente a los responsables del tratamiento.\u200bSolicitar prueba de la autorizaci\u00f3n otorgada.\u200bSer informado respecto del uso que se le ha dado a sus datos.\u200bPresentar quejas ante la Superintendencia de Industria y Comercio (SIC).\u200bRevocar la autorizaci\u00f3n o solicitar la supresi\u00f3n del dato cuando no se respeten los principios, derechos y garant\u00edas constitucionales.\u200b5. Tratamiento de Datos Sensibles y de Menores\u200bDatos Sensibles: La Empresa no solicitar\u00e1 datos que revelen origen racial, convicciones religiosas, orientaci\u00f3n pol\u00edtica o datos biom\u00e9tricos, a menos que sea estrictamente necesario y bajo autorizaci\u00f3n expl\u00edcita.\u200bMenores de Edad: El sitio web no est\u00e1 dirigido a menores de 18 a\u00f1os. Si se recolectan datos de menores, se har\u00e1 velando por el inter\u00e9s superior del menor y con autorizaci\u00f3n de sus representantes legales.\u200b6. Uso de Cookies y Tecnolog\u00edas de Seguimiento\u200bEl sitio https:\/\/www.tapankatpk.com.co\/ utiliza cookies para mejorar la experiencia de usuario y analizar el tr\u00e1fico. Al navegar en el sitio, usted acepta el uso de estas, a menos que las desactive en la configuraci\u00f3n de su navegador.\u200b7. Procedimiento para el Ejercicio de Derechos\u200bSi desea consultar, actualizar o eliminar sus datos, puede enviar una comunicaci\u00f3n escrita a:\u200bCanal: [Correo electr\u00f3nico de contacto]\u200bAsunto: Ejercicio de Derecho Habeas Data.\u200bTiempo de respuesta: Las consultas ser\u00e1n atendidas en un t\u00e9rmino m\u00e1ximo de diez (10) d\u00edas h\u00e1biles; los reclamos en quince (15) d\u00edas h\u00e1biles.\u200b8. Seguridad de la Informaci\u00f3n\u200bLa Empresa implementa medidas t\u00e9cnicas, humanas y administrativas necesarias para otorgar seguridad a los registros, evitando su adulteraci\u00f3n, p\u00e9rdida, consulta, uso o acceso no autorizado o fraudulento.\u200b9. Vigencia\u200bLa presente pol\u00edtica entra en vigor a partir de su publicaci\u00f3n. La base de datos asociada tendr\u00e1 una vigencia igual al tiempo en que se desarrolle la finalidad para la cual fueron recolectados los datos.\u200bNota legal: Recuerda que para que esta pol\u00edtica sea plenamente v\u00e1lida, debes incluir un Checkbox de Aceptaci\u00f3n en tus formularios de registro o contacto que diga: \u00abAcepto la Pol\u00edtica de Tratamiento de Datos Personales conforme a la Ley 1581 de 2012\u00bb.<\/p>\n\n\n\n<p><\/p>\n","protected":false},"excerpt":{"rendered":"<p>\u200bSitio Web: https:\/\/www.tapankatpk.com.co\/\u200bCorreo electr\u00f3nico: [Correo de contacto para privacidad]\u200b2. Marco Legal Aplicable\u200bEsta pol\u00edtica se rige bajo el ordenamiento jur\u00eddico colombiano:\u200bLey 1581 de 2012: Disposiciones generales para la protecci\u00f3n de datos personales.\u200bDecreto 1377 de 2013: Reglamentaci\u00f3n parcial de la Ley 1581.\u200bSentencia C-748 de 2011: Constitucionalidad de la Ley de Protecci\u00f3n de Datos.\u200b3. Finalidad de la Recolecci\u00f3n&#8230;<\/p>\n","protected":false},"author":1,"featured_media":0,"parent":0,"menu_order":0,"comment_status":"closed","ping_status":"open","template":"","meta":{"_kad_post_transparent":"","_kad_post_title":"","_kad_post_layout":"","_kad_post_sidebar_id":"","_kad_post_content_style":"","_kad_post_vertical_padding":"","_kad_post_feature":"","_kad_post_feature_position":"","_kad_post_header":false,"_kad_post_footer":false,"_kad_post_classname":"","footnotes":""},"class_list":["post-3","page","type-page","status-publish","hentry"],"_links":{"self":[{"href":"https:\/\/tapankatpk.com.co\/index.php?rest_route=\/wp\/v2\/pages\/3","targetHints":{"allow":["GET"]}}],"collection":[{"href":"https:\/\/tapankatpk.com.co\/index.php?rest_route=\/wp\/v2\/pages"}],"about":[{"href":"https:\/\/tapankatpk.com.co\/index.php?rest_route=\/wp\/v2\/types\/page"}],"author":[{"embeddable":true,"href":"https:\/\/tapankatpk.com.co\/index.php?rest_route=\/wp\/v2\/users\/1"}],"replies":[{"embeddable":true,"href":"https:\/\/tapankatpk.com.co\/index.php?rest_route=%2Fwp%2Fv2%2Fcomments&post=3"}],"version-history":[{"count":2,"href":"https:\/\/tapankatpk.com.co\/index.php?rest_route=\/wp\/v2\/pages\/3\/revisions"}],"predecessor-version":[{"id":487,"href":"https:\/\/tapankatpk.com.co\/index.php?rest_route=\/wp\/v2\/pages\/3\/revisions\/487"}],"wp:attachment":[{"href":"https:\/\/tapankatpk.com.co\/index.php?rest_route=%2Fwp%2Fv2%2Fmedia&parent=3"}],"curies":[{"name":"wp","href":"https:\/\/api.w.org\/{rel}","templated":true}]}}